{"id":2831,"date":"2020-06-26T09:07:58","date_gmt":"2020-06-26T09:07:58","guid":{"rendered":"https:\/\/redline.com.tr\/en\/?page_id=2831"},"modified":"2021-11-23T09:58:31","modified_gmt":"2021-11-23T09:58:31","slug":"service-network","status":"publish","type":"page","link":"https:\/\/redline.com.tr\/en\/service-network\/","title":{"rendered":"Service Network"},"content":{"rendered":"\t\t<div data-elementor-type=\"wp-page\" data-elementor-id=\"2831\" class=\"elementor elementor-2831\" data-elementor-settings=\"[]\">\n\t\t\t\t\t\t<div class=\"elementor-inner\">\n\t\t\t\t\t\t\t<div class=\"elementor-section-wrap\">\n\t\t\t\t\t\t\t<section class=\"elementor-section elementor-top-section elementor-element elementor-element-7f178bd elementor-section-boxed elementor-section-height-default elementor-section-height-default\" data-id=\"7f178bd\" data-element_type=\"section\">\n\t\t\t\t\t\t<div class=\"elementor-container elementor-column-gap-default\">\n\t\t\t\t\t\t\t<div class=\"elementor-row\">\n\t\t\t\t\t<div class=\"elementor-column elementor-col-50 elementor-top-column elementor-element elementor-element-0d372b5\" data-id=\"0d372b5\" data-element_type=\"column\">\n\t\t\t<div class=\"elementor-column-wrap elementor-element-populated\">\n\t\t\t\t\t\t\t<div class=\"elementor-widget-wrap\">\n\t\t\t\t\t\t<div class=\"elementor-element elementor-element-440013a elementor-widget elementor-widget-text-editor\" data-id=\"440013a\" data-element_type=\"widget\" data-widget_type=\"text-editor.default\">\n\t\t\t\t<div class=\"elementor-widget-container\">\n\t\t\t\t\t\t\t\t<div class=\"elementor-text-editor elementor-clearfix\">\n\t\t\t\t<p><img loading=\"lazy\" decoding=\"async\" class=\"aligncenter wp-image-7724 size-full\" src=\"https:\/\/redline.com.tr\/en\/wp-content\/uploads\/2021\/10\/a1.png\" alt=\"\" width=\"800\" height=\"384\" srcset=\"https:\/\/redline.com.tr\/en\/wp-content\/uploads\/2021\/10\/a1.png 800w, https:\/\/redline.com.tr\/en\/wp-content\/uploads\/2021\/10\/a1-600x288.png 600w, https:\/\/redline.com.tr\/en\/wp-content\/uploads\/2021\/10\/a1-300x144.png 300w, https:\/\/redline.com.tr\/en\/wp-content\/uploads\/2021\/10\/a1-768x369.png 768w, https:\/\/redline.com.tr\/en\/wp-content\/uploads\/2021\/10\/a1-208x100.png 208w, https:\/\/redline.com.tr\/en\/wp-content\/uploads\/2021\/10\/a1-167x80.png 167w, https:\/\/redline.com.tr\/en\/wp-content\/uploads\/2021\/10\/a1-394x189.png 394w\" sizes=\"auto, (max-width: 800px) 100vw, 800px\" \/><\/p>\t\t\t\t\t<\/div>\n\t\t\t\t\t\t<\/div>\n\t\t\t\t<\/div>\n\t\t\t\t\t\t<\/div>\n\t\t\t\t\t<\/div>\n\t\t<\/div>\n\t\t\t\t<div class=\"elementor-column elementor-col-50 elementor-top-column elementor-element elementor-element-a8ed44c\" data-id=\"a8ed44c\" data-element_type=\"column\">\n\t\t\t<div class=\"elementor-column-wrap elementor-element-populated\">\n\t\t\t\t\t\t\t<div class=\"elementor-widget-wrap\">\n\t\t\t\t\t\t<div class=\"elementor-element elementor-element-0efc005 elementor-widget elementor-widget-text-editor\" data-id=\"0efc005\" data-element_type=\"widget\" data-widget_type=\"text-editor.default\">\n\t\t\t\t<div class=\"elementor-widget-container\">\n\t\t\t\t\t\t\t\t<div class=\"elementor-text-editor elementor-clearfix\">\n\t\t\t\t<div class=\"elementor-element elementor-element-fe4ab39 elementor-widget elementor-widget-text-editor\" style=\"width: 530px;\" data-id=\"fe4ab39\" data-element_type=\"widget\" data-widget_type=\"text-editor.default\"><div class=\"elementor-widget-container\"><div class=\"elementor-text-editor elementor-clearfix\"><p>Select the province where you want to access our service list in Turkey<\/p><\/div><\/div><\/div>\t\t\t\t\t<\/div>\n\t\t\t\t\t\t<\/div>\n\t\t\t\t<\/div>\n\t\t<!-- Themovaiton Sidebar Wrap before --><div class=\"sidebar th-widget-area th-sidebar-widget\">\t\t<div class=\"elementor-element elementor-element-72018aa elementor-widget elementor-widget-sidebar\" data-id=\"72018aa\" data-element_type=\"widget\" data-widget_type=\"sidebar.default\">\n\t\t\t\t<div class=\"elementor-widget-container\">\n\t\t\t<section class=\"widget text-13 widget_text\"><div class=\"widget-inner\">\t\t\t<div class=\"textwidget\"><p><select onchange=\"this.options[this.selectedIndex].value &amp;&amp; (window.location = this.options[this.selectedIndex].value);\"><option value=\"\">Select province<\/option><option value=\"https:\/\/redline.com.tr\/en\/servis-agi\/istanbul\">\u0130stanbul<\/option><option value=\"https:\/\/redline.com.tr\/en\/servis-agi\/adana\">Adana<\/option><option value=\"https:\/\/redline.com.tr\/en\/servis-agi\/adiyaman\">Ad\u0131yaman<\/option><option value=\"https:\/\/redline.com.tr\/en\/servis-agi\/afyonkarahisar\">Afyonkarahisar<\/option><option value=\"https:\/\/redline.com.tr\/en\/servis-agi\/agri\">A\u011fr\u0131<\/option><option value=\"https:\/\/redline.com.tr\/en\/servis-agi\/amasya\">Amasya<\/option><option value=\"https:\/\/redline.com.tr\/en\/servis-agi\/ankara\">Ankara<\/option><option value=\"https:\/\/redline.com.tr\/en\/servis-agi\/antalya\">Antalya<\/option><option value=\"https:\/\/redline.com.tr\/en\/servis-agi\/aydin\">Ayd\u0131n<\/option><option value=\"https:\/\/redline.com.tr\/en\/servis-agi\/balikesir\">Bal\u0131kesir<\/option><option value=\"https:\/\/redline.com.tr\/en\/servis-agi\/bingol\">Bing\u00f6l<\/option><option value=\"https:\/\/redline.com.tr\/en\/servis-agi\/bitlis\">Bitlis<\/option><option value=\"https:\/\/redline.com.tr\/en\/servis-agi\/burdur\">Burdur<\/option><option value=\"https:\/\/redline.com.tr\/en\/servis-agi\/bursa\">Bursa<\/option><option value=\"https:\/\/redline.com.tr\/en\/servis-agi\/canakkale\">\u00c7anakkale<\/option><option value=\"https:\/\/redline.com.tr\/en\/servis-agi\/cankiri\">\u00c7ank\u0131r\u0131<\/option><option value=\"https:\/\/redline.com.tr\/en\/servis-agi\/corum\">\u00c7orum<\/option><option value=\"https:\/\/redline.com.tr\/en\/servis-agi\/denizli\">Denizli<\/option><option value=\"https:\/\/redline.com.tr\/en\/servis-agi\/diyarbakir\">Diyarbakir<\/option><option value=\"https:\/\/redline.com.tr\/en\/servis-agi\/edirne\">Edirne<\/option><option value=\"https:\/\/redline.com.tr\/en\/servis-agi\/elazig\">Elaz\u0131\u011f<\/option><option value=\"https:\/\/redline.com.tr\/en\/servis-agi\/erzincan\">Erzincan<\/option><option value=\"https:\/\/redline.com.tr\/en\/servis-agi\/erzurum\">Erzurum<\/option><option value=\"https:\/\/redline.com.tr\/en\/servis-agi\/eskisehir\">Eski\u015fehir<\/option><option value=\"https:\/\/redline.com.tr\/en\/servis-agi\/gaziantep\">Gaziantep<\/option><option value=\"https:\/\/redline.com.tr\/en\/servis-agi\/giresun\">Giresun<\/option><option value=\"https:\/\/redline.com.tr\/en\/servis-agi\/gumushane\">G\u00fcm\u00fc\u015fhane<\/option><option value=\"https:\/\/redline.com.tr\/en\/servis-agi\/hakkari\">Hakkari<\/option><option value=\"https:\/\/redline.com.tr\/en\/servis-agi\/hatay\">Hatay<\/option><option value=\"https:\/\/redline.com.tr\/en\/servis-agi\/isparta\">Isparta<\/option><option value=\"https:\/\/redline.com.tr\/en\/servis-agi\/mersin\">Mersin<\/option><option value=\"https:\/\/redline.com.tr\/en\/servis-agi\/izmir\">\u0130zmir<\/option><option value=\"https:\/\/redline.com.tr\/en\/servis-agi\/kastamonu\">Kastamonu<\/option><option value=\"https:\/\/redline.com.tr\/en\/servis-agi\/kayseri\">Kayseri<\/option><option value=\"https:\/\/redline.com.tr\/en\/servis-agi\/kirklareli\">K\u0131rklareli<\/option><option value=\"https:\/\/redline.com.tr\/en\/servis-agi\/kirsehir\">K\u0131r\u015fehir<\/option><option value=\"https:\/\/redline.com.tr\/en\/servis-agi\/kocaeli\">Kocaeli<\/option><option value=\"https:\/\/redline.com.tr\/en\/servis-agi\/konya\">Konya<\/option><option value=\"https:\/\/redline.com.tr\/en\/servis-agi\/kutahya\">K\u00fctahya<\/option><option value=\"https:\/\/redline.com.tr\/en\/servis-agi\/malatya\">Malatya<\/option><option value=\"https:\/\/redline.com.tr\/en\/servis-agi\/manisa\">Manisa<\/option><option value=\"https:\/\/redline.com.tr\/en\/servis-agi\/kahramanmaras\">Kahramanmara\u015f<\/option><option value=\"https:\/\/redline.com.tr\/en\/servis-agi\/mardin\">Mardin<\/option><option value=\"https:\/\/redline.com.tr\/en\/servis-agi\/mugla\">Mu\u011fla<\/option><option value=\"https:\/\/redline.com.tr\/en\/servis-agi\/mus\">Mu\u015f<\/option><option value=\"https:\/\/redline.com.tr\/en\/servis-agi\/nevsehir\">Nev\u015fehir<\/option><option value=\"https:\/\/redline.com.tr\/en\/servis-agi\/nigde\">Ni\u011fde<\/option><option value=\"https:\/\/redline.com.tr\/en\/servis-agi\/ordu\">Ordu<\/option><option value=\"https:\/\/redline.com.tr\/en\/servis-agi\/rize\">Rize<\/option><option value=\"https:\/\/redline.com.tr\/en\/servis-agi\/sakarya\">Sakarya<\/option><option value=\"https:\/\/redline.com.tr\/en\/servis-agi\/samsun\">Samsun<\/option><option value=\"https:\/\/redline.com.tr\/en\/servis-agi\/siirt\">Siirt<\/option><option value=\"https:\/\/redline.com.tr\/en\/servis-agi\/sinop\">Sinop<\/option><option value=\"https:\/\/redline.com.tr\/en\/servis-agi\/sivas\">Sivas<\/option><option value=\"https:\/\/redline.com.tr\/en\/servis-agi\/tekirdag\">Tekirda\u011f<\/option><option value=\"https:\/\/redline.com.tr\/en\/servis-agi\/tokat\">Tokat<\/option><option value=\"https:\/\/redline.com.tr\/en\/servis-agi\/trabzon\">Trabzon<\/option><option value=\"https:\/\/redline.com.tr\/en\/servis-agi\/sanliurfa\">\u015eanl\u0131urfa<\/option><option value=\"https:\/\/redline.com.tr\/en\/servis-agi\/usak\">U\u015fak<\/option><option value=\"https:\/\/redline.com.tr\/en\/servis-agi\/van\">Van<\/option><option value=\"https:\/\/redline.com.tr\/en\/servis-agi\/zonguldak\">Zonguldak<\/option><option value=\"https:\/\/redline.com.tr\/en\/servis-agi\/aksaray\">Aksaray<\/option><option value=\"https:\/\/redline.com.tr\/en\/servis-agi\/bayburt\">Bayburt<\/option><option value=\"https:\/\/redline.com.tr\/en\/servis-agi\/karaman\">Karaman<\/option><option value=\"https:\/\/redline.com.tr\/en\/servis-agi\/kirikkale\">K\u0131r\u0131kkale<\/option><option value=\"https:\/\/redline.com.tr\/en\/servis-agi\/batman\">Batman<\/option><option value=\"https:\/\/redline.com.tr\/en\/servis-agi\/sirnak\">\u015e\u0131rnak<\/option><option value=\"https:\/\/redline.com.tr\/en\/servis-agi\/bartin\">Bart\u0131n<\/option><option value=\"https:\/\/redline.com.tr\/en\/servis-agi\/ardahan\">Ardahan<\/option><option value=\"https:\/\/redline.com.tr\/en\/servis-agi\/igdir\">I\u011fd\u0131r<\/option><option value=\"https:\/\/redline.com.tr\/en\/servis-agi\/yalova\">Yalova<\/option><option value=\"https:\/\/redline.com.tr\/en\/servis-agi\/karabuk\">Karab\u00fck<\/option><option value=\"https:\/\/redline.com.tr\/en\/servis-agi\/kilis\">Kilis<\/option><option value=\"https:\/\/redline.com.tr\/en\/servis-agi\/osmaniye\">Osmaniye<\/option><option value=\"https:\/\/redline.com.tr\/en\/servis-agi\/duzce\">D\u00fczce<\/option><\/select><\/p>\n<\/div>\n\t\t<\/div><\/section>\t\t<\/div>\n\t\t\t\t<\/div>\n\t\t<\/div><!-- Themovaiton Sidebar Wrap after -->\t\t\t\t<\/div>\n\t\t\t\t\t<\/div>\n\t\t<\/div>\n\t\t\t\t\t\t\t\t<\/div>\n\t\t\t\t\t<\/div>\n\t\t<\/section>\n\t\t\t\t\t\t<\/div>\n\t\t\t\t\t\t<\/div>\n\t\t\t\t\t<\/div>\n\t\t","protected":false},"excerpt":{"rendered":"<p>Select the province where you want to access our service list in Turkey<\/p>\n","protected":false},"author":1,"featured_media":0,"parent":0,"menu_order":0,"comment_status":"closed","ping_status":"closed","template":"","meta":{"footnotes":""},"class_list":["post-2831","page","type-page","status-publish","hentry"],"_links":{"self":[{"href":"https:\/\/redline.com.tr\/en\/wp-json\/wp\/v2\/pages\/2831","targetHints":{"allow":["GET"]}}],"collection":[{"href":"https:\/\/redline.com.tr\/en\/wp-json\/wp\/v2\/pages"}],"about":[{"href":"https:\/\/redline.com.tr\/en\/wp-json\/wp\/v2\/types\/page"}],"author":[{"embeddable":true,"href":"https:\/\/redline.com.tr\/en\/wp-json\/wp\/v2\/users\/1"}],"replies":[{"embeddable":true,"href":"https:\/\/redline.com.tr\/en\/wp-json\/wp\/v2\/comments?post=2831"}],"version-history":[{"count":31,"href":"https:\/\/redline.com.tr\/en\/wp-json\/wp\/v2\/pages\/2831\/revisions"}],"predecessor-version":[{"id":8143,"href":"https:\/\/redline.com.tr\/en\/wp-json\/wp\/v2\/pages\/2831\/revisions\/8143"}],"wp:attachment":[{"href":"https:\/\/redline.com.tr\/en\/wp-json\/wp\/v2\/media?parent=2831"}],"curies":[{"name":"wp","href":"https:\/\/api.w.org\/{rel}","templated":true}]}}