{"id":7222,"date":"2021-10-19T11:26:26","date_gmt":"2021-10-19T11:26:26","guid":{"rendered":"https:\/\/redline.com.tr\/en\/?post_type=product&#038;p=7222"},"modified":"2021-10-19T11:26:30","modified_gmt":"2021-10-19T11:26:30","slug":"32-led-monitor","status":"publish","type":"product","link":"https:\/\/redline.com.tr\/en\/product\/32-led-monitor\/","title":{"rendered":"32&#8243; LED MON\u0130T\u00d6R"},"content":{"rendered":"<table border=\"1\" width=\"677\">\n<tbody>\n<tr>\n<td width=\"269\">Ekran Boyutu<\/td>\n<td width=\"408\">32&#8243; \/ 81 cm<\/td>\n<\/tr>\n<tr>\n<td>G\u00f6r\u00fcnt\u00fcleme A\u00e7\u0131s\u0131<\/td>\n<td>170 Derece (Yatay) 160 Derece (Dikey)<\/td>\n<\/tr>\n<tr>\n<td>Giri\u015f\/\u00c7\u0131k\u0131\u015f Portlar\u0131<\/td>\n<td>Giri\u015f: AV, Y Pb Pr, SCART, PC, HDMI, USB\u00a0\u00a0 \u00c7\u0131k\u0131\u015f: Kulakl\u0131k<\/td>\n<\/tr>\n<tr>\n<td>Grafik Sistemi<\/td>\n<td>PAL\/NTSC<\/td>\n<\/tr>\n<tr>\n<td>Ses \u00c7\u0131k\u0131\u015f\u0131<\/td>\n<td>10W+10W<\/td>\n<\/tr>\n<tr>\n<td>\u00c7al\u0131\u015fma Voltaj\u0131<\/td>\n<td>AC 100-240V~, 50\/60 Hz DC 12V 4A<\/td>\n<\/tr>\n<tr>\n<td>G\u00fc\u00e7 T\u00fcketimi<\/td>\n<td>56W\/65W\/100W<\/td>\n<\/tr>\n<tr>\n<td>Aksesuarlar<\/td>\n<td width=\"408\">1 adet kullanma K\u0131lavuzu, 1 adet uzaktan kumanda, 1 adet g\u00fc\u00e7 kablosu, 2 adet AAA Pil<\/td>\n<\/tr>\n<\/tbody>\n<\/table>\n","protected":false},"excerpt":{"rendered":"<h2><span style=\"color: #003366;\"><strong>32&#8243; LED MON\u0130T\u00d6R<\/strong><\/span><\/h2>\n<h4>MODEL NO: <strong>32 EX 5532<\/strong><\/h4>\n<p>&nbsp;<\/p>\n<p>HD Ready g\u00f6r\u00fcnt\u00fc<\/p>\n<p>\u015e\u0131k tasar\u0131m<\/p>\n<p>Parlak ve keskin renkler<\/p>\n<p>\u0130nce \u00e7er\u00e7eve<\/p>\n<p>G\u00fc\u00e7l\u00fc ta\u015f\u0131y\u0131c\u0131 ayaklar<\/p>\n<p>LED ayd\u0131nlatmal\u0131 ekran<\/p>\n<p>HDMI g\u00f6r\u00fcnt\u00fc \u00e7\u0131k\u0131\u015f\u0131<\/p>\n<p>Kulakl\u0131k \u00e7\u0131k\u0131\u015f\u0131 &hellip; <a href=\"https:\/\/redline.com.tr\/en\/product\/32-led-monitor\/\">Read More<\/a><\/p>\n","protected":false},"featured_media":520,"template":"","meta":[],"product_cat":[75,74],"product_tag":[],"class_list":["post-7222","product","type-product","status-publish","has-post-thumbnail","hentry","product_cat-led-monitors","product_cat-tv-systems"],"_links":{"self":[{"href":"https:\/\/redline.com.tr\/en\/wp-json\/wp\/v2\/product\/7222","targetHints":{"allow":["GET"]}}],"collection":[{"href":"https:\/\/redline.com.tr\/en\/wp-json\/wp\/v2\/product"}],"about":[{"href":"https:\/\/redline.com.tr\/en\/wp-json\/wp\/v2\/types\/product"}],"version-history":[{"count":1,"href":"https:\/\/redline.com.tr\/en\/wp-json\/wp\/v2\/product\/7222\/revisions"}],"predecessor-version":[{"id":7252,"href":"https:\/\/redline.com.tr\/en\/wp-json\/wp\/v2\/product\/7222\/revisions\/7252"}],"wp:featuredmedia":[{"embeddable":true,"href":"https:\/\/redline.com.tr\/en\/wp-json\/wp\/v2\/media\/520"}],"wp:attachment":[{"href":"https:\/\/redline.com.tr\/en\/wp-json\/wp\/v2\/media?parent=7222"}],"wp:term":[{"taxonomy":"product_cat","embeddable":true,"href":"https:\/\/redline.com.tr\/en\/wp-json\/wp\/v2\/product_cat?post=7222"},{"taxonomy":"product_tag","embeddable":true,"href":"https:\/\/redline.com.tr\/en\/wp-json\/wp\/v2\/product_tag?post=7222"}],"curies":[{"name":"wp","href":"https:\/\/api.w.org\/{rel}","templated":true}]}}