{"id":7286,"date":"2021-10-19T11:26:46","date_gmt":"2021-10-19T11:26:46","guid":{"rendered":"https:\/\/redline.com.tr\/en\/?post_type=product&#038;p=7286"},"modified":"2021-10-19T11:26:51","modified_gmt":"2021-10-19T11:26:51","slug":"k10-tv-uydu-alici-modulu","status":"publish","type":"product","link":"https:\/\/redline.com.tr\/en\/product\/k10-tv-uydu-alici-modulu\/","title":{"rendered":"K10 TV Uydu Al\u0131c\u0131 Mod\u00fcl\u00fc"},"content":{"rendered":"<table border=\"1\" width=\"678\">\n<tbody>\n<tr>\n<td width=\"163\">CPU<\/td>\n<td width=\"515\">GX 6605S Chipset<\/td>\n<\/tr>\n<tr>\n<td>RAM<\/td>\n<td>DDR III 512 Mbits<\/td>\n<\/tr>\n<tr>\n<td>Video<\/td>\n<td>HDMI, CVBS<\/td>\n<\/tr>\n<tr>\n<td>Panel<\/td>\n<td>EXTERNAL IR<\/td>\n<\/tr>\n<tr>\n<td>CA<\/td>\n<td>NO<\/td>\n<\/tr>\n<tr>\n<td>DVB<\/td>\n<td width=\"515\">Full HD, Blind Scan, Fast Scan, LCN, Unicable, Time Shift, EPG, Teletext, Subtitle, Timer, 3G, Parent Lock<\/td>\n<\/tr>\n<tr>\n<td>Update<\/td>\n<td>FTP, ONLINE, TKGS<\/td>\n<\/tr>\n<tr>\n<td>Video Resolution<\/td>\n<td>1920\u00d71080, 1920x1080i, 1280\u00d7720, 720\u00d7480<\/td>\n<\/tr>\n<tr>\n<td>Power<\/td>\n<td>12V 1A Power Supply<\/td>\n<\/tr>\n<tr>\n<td>Other Features<\/td>\n<td width=\"515\">7 BUTTONS, IR and LED D\u0131splay, HDMI Output, AV Out (3,5 mm Earphone Jack), 2 USB, DC Input (12V 1A) DVB-S2 Input<\/td>\n<\/tr>\n<\/tbody>\n<\/table>\n<figure><img decoding=\"async\" src=\"https:\/\/redline.com.tr\/en\/wp-content\/uploads\/2020\/04\/icon-full-hd-1080.png\" alt=\"icon-full hd 1080\" \/><\/figure>\n<figure><img decoding=\"async\" src=\"https:\/\/redline.com.tr\/en\/wp-content\/uploads\/2020\/04\/icon-dvb-s2.png\" alt=\"icon-dvb-s2\" \/><\/figure>\n<figure><img decoding=\"async\" src=\"https:\/\/redline.com.tr\/en\/wp-content\/uploads\/2020\/04\/icon-tkgs.png\" alt=\"icon-tkgs\" \/><\/figure>\n<figure><img decoding=\"async\" src=\"https:\/\/redline.com.tr\/en\/wp-content\/uploads\/2020\/04\/icon-youtube.png\" alt=\"icon-youtube\" \/><\/figure>\n<figure><img decoding=\"async\" src=\"https:\/\/redline.com.tr\/en\/wp-content\/uploads\/2020\/04\/icon-gmail.png\" alt=\"icon-gmail\" \/><\/figure>\n<figure><img decoding=\"async\" src=\"https:\/\/redline.com.tr\/en\/wp-content\/uploads\/2020\/04\/icon-wifi.png\" alt=\"icon-wifi\" \/><\/figure>\n<figure><img decoding=\"async\" src=\"https:\/\/redline.com.tr\/en\/wp-content\/uploads\/2020\/04\/icon-hdtv.png\" alt=\"icon-hdtv\" \/><\/figure>\n<figure><img decoding=\"async\" src=\"https:\/\/redline.com.tr\/en\/wp-content\/uploads\/2020\/04\/icon-dvb.png\" alt=\"icon-dvb\" \/><\/figure>\n<figure><img decoding=\"async\" src=\"https:\/\/redline.com.tr\/en\/wp-content\/uploads\/2020\/04\/icon-onlineupdate.png\" alt=\"icon-onlineupdate\" \/><\/figure>\n<figure><img decoding=\"async\" src=\"https:\/\/redline.com.tr\/en\/wp-content\/uploads\/2020\/04\/icon-pvr.png\" alt=\"icon-pvr\" \/><\/figure>\n<figure><img decoding=\"async\" src=\"https:\/\/redline.com.tr\/en\/wp-content\/uploads\/2020\/04\/icon-timeshift.png\" alt=\"icon-timeshift\" \/><\/figure>\n<figure><img decoding=\"async\" src=\"https:\/\/redline.com.tr\/en\/wp-content\/uploads\/2020\/04\/icon-usb.png\" alt=\"icon-usb\" \/><\/figure>\n<figure><img decoding=\"async\" src=\"https:\/\/redline.com.tr\/en\/wp-content\/uploads\/2020\/04\/icon-diseqc12.png\" alt=\"icon-diseqc12\" \/><\/figure>\n<figure><img decoding=\"async\" src=\"https:\/\/redline.com.tr\/en\/wp-content\/uploads\/2020\/04\/icon-mediaplayer.png\" alt=\"icon-mediaplayer\" \/><\/figure>\n<figure><img decoding=\"async\" src=\"https:\/\/redline.com.tr\/en\/wp-content\/uploads\/2020\/04\/icon-yerliuretim.png\" alt=\"icon-yerliuretim\" \/><\/figure>\n<figure><img decoding=\"async\" src=\"https:\/\/redline.com.tr\/en\/wp-content\/uploads\/2020\/04\/icon-madeinturkey.png\" alt=\"icon-madeinturkey\" \/><\/figure>\n","protected":false},"excerpt":{"rendered":"<h2><span style=\"color: #003366;\"><strong>K10 TV Uydu Al\u0131c\u0131 Mod\u00fcl\u00fc<\/strong><\/span><\/h2>\n<p>&nbsp;<\/p>\n<p>Full HD 1080p \u00c7\u00f6z\u00fcn\u00fcrl\u00fck<\/p>\n<p>HDMI G\u00f6r\u00fcnt\u00fc \u00c7\u0131k\u0131\u015f\u0131<\/p>\n<p>Hassas K\u00f6r Tarama<\/p>\n<p>5000 Kanal Kapasitesi<\/p>\n<p>64 Uydu Kapasitesi<\/p>\n<p>\u00c7oklu Dil Deste\u011fi<\/p>\n<p>DiseqC 1.0-1.1-1.2<\/p>\n<p>Usals Motor Deste\u011fi<\/p>\n<p>USB PVR&amp;Time Shift ile Kay\u0131t<\/p>\n<p>USB 2.0 Deste\u011fi<\/p>\n<p>USB ile G\u00fcncelleme<\/p>\n<p>FTP ile G\u00fcncelleme<\/p>\n<p>HTTP ile G\u00fcncelleme<\/p>\n<p>TKGS ile Uydudan G\u00fcncelleme<\/p>\n<p>Multimedya Deste\u011fi<\/p>\n<p>Wi-Fi ile \u0130nternet<\/p>\n<p>&nbsp;<\/p>\n<p>&nbsp;<\/p>\n<p>&nbsp;<\/p>\n<p>&nbsp; &hellip; <a href=\"https:\/\/redline.com.tr\/en\/product\/k10-tv-uydu-alici-modulu\/\">Read More<\/a><\/p>\n","protected":false},"featured_media":673,"template":"","meta":[],"product_cat":[86,85,74],"product_tag":[],"class_list":["post-7286","product","type-product","status-publish","has-post-thumbnail","hentry","product_cat-tv-module","product_cat-tv-modules","product_cat-tv-systems"],"_links":{"self":[{"href":"https:\/\/redline.com.tr\/en\/wp-json\/wp\/v2\/product\/7286","targetHints":{"allow":["GET"]}}],"collection":[{"href":"https:\/\/redline.com.tr\/en\/wp-json\/wp\/v2\/product"}],"about":[{"href":"https:\/\/redline.com.tr\/en\/wp-json\/wp\/v2\/types\/product"}],"version-history":[{"count":1,"href":"https:\/\/redline.com.tr\/en\/wp-json\/wp\/v2\/product\/7286\/revisions"}],"predecessor-version":[{"id":7316,"href":"https:\/\/redline.com.tr\/en\/wp-json\/wp\/v2\/product\/7286\/revisions\/7316"}],"wp:featuredmedia":[{"embeddable":true,"href":"https:\/\/redline.com.tr\/en\/wp-json\/wp\/v2\/media\/673"}],"wp:attachment":[{"href":"https:\/\/redline.com.tr\/en\/wp-json\/wp\/v2\/media?parent=7286"}],"wp:term":[{"taxonomy":"product_cat","embeddable":true,"href":"https:\/\/redline.com.tr\/en\/wp-json\/wp\/v2\/product_cat?post=7286"},{"taxonomy":"product_tag","embeddable":true,"href":"https:\/\/redline.com.tr\/en\/wp-json\/wp\/v2\/product_tag?post=7286"}],"curies":[{"name":"wp","href":"https:\/\/api.w.org\/{rel}","templated":true}]}}