{"id":7468,"date":"2021-10-19T11:27:47","date_gmt":"2021-10-19T11:27:47","guid":{"rendered":"https:\/\/redline.com.tr\/en\/?post_type=product&#038;p=7468"},"modified":"2021-10-19T11:27:53","modified_gmt":"2021-10-19T11:27:53","slug":"hb-500-hdmi-cable-5mt","status":"publish","type":"product","link":"https:\/\/redline.com.tr\/en\/product\/hb-500-hdmi-cable-5mt\/","title":{"rendered":"HB-500 HDMI CABLE 5MT"},"content":{"rendered":"","protected":false},"excerpt":{"rendered":"<h2><span style=\"color: #003366;\"><strong>HB-500 HDMI CABLE (5 MT)<\/strong><\/span><\/h2>\n<p>HDCP Uyumlu<br \/>\nEn y\u00fcksek seviyede sinyal kalitesi sa\u011flar ve oyun oynamak i\u00e7in m\u00fckemmel olan 3D giri\u015f \/ \u00e7\u0131k\u0131\u015f\u0131 tamamen destekler<br \/>\n24K Alt\u0131n Kaplama Konekt\u00f6rler<br \/>\nMaksimum sinyal aktar\u0131m\u0131<br \/>\nHDMI ile Kusursuz G\u00f6r\u00fcnt\u00fc ve Ses Aktar\u0131m\u0131<br \/>\nMaksimum dayan\u0131kl\u0131l\u0131k<br \/>\n\u00dc\u00e7 Katmanl\u0131 kaplama<br \/>\n\u00dcst\u00fcn g\u00f6r\u00fcnt\u00fc kararl\u0131l\u0131\u011f\u0131 sa\u011flamak i\u00e7in maksimum RFI korumas\u0131<br \/>\n2 y\u0131l garanti<\/p>\n<p>&nbsp; &hellip; <a href=\"https:\/\/redline.com.tr\/en\/product\/hb-500-hdmi-cable-5mt\/\">Read More<\/a><\/p>\n","protected":false},"featured_media":738,"template":"","meta":[],"product_cat":[88,92],"product_tag":[],"class_list":["post-7468","product","type-product","status-publish","has-post-thumbnail","hentry","product_cat-equipments","product_cat-hdmi-cable"],"_links":{"self":[{"href":"https:\/\/redline.com.tr\/en\/wp-json\/wp\/v2\/product\/7468","targetHints":{"allow":["GET"]}}],"collection":[{"href":"https:\/\/redline.com.tr\/en\/wp-json\/wp\/v2\/product"}],"about":[{"href":"https:\/\/redline.com.tr\/en\/wp-json\/wp\/v2\/types\/product"}],"version-history":[{"count":1,"href":"https:\/\/redline.com.tr\/en\/wp-json\/wp\/v2\/product\/7468\/revisions"}],"predecessor-version":[{"id":7498,"href":"https:\/\/redline.com.tr\/en\/wp-json\/wp\/v2\/product\/7468\/revisions\/7498"}],"wp:featuredmedia":[{"embeddable":true,"href":"https:\/\/redline.com.tr\/en\/wp-json\/wp\/v2\/media\/738"}],"wp:attachment":[{"href":"https:\/\/redline.com.tr\/en\/wp-json\/wp\/v2\/media?parent=7468"}],"wp:term":[{"taxonomy":"product_cat","embeddable":true,"href":"https:\/\/redline.com.tr\/en\/wp-json\/wp\/v2\/product_cat?post=7468"},{"taxonomy":"product_tag","embeddable":true,"href":"https:\/\/redline.com.tr\/en\/wp-json\/wp\/v2\/product_tag?post=7468"}],"curies":[{"name":"wp","href":"https:\/\/api.w.org\/{rel}","templated":true}]}}