{"id":7542,"date":"2021-10-19T11:28:12","date_gmt":"2021-10-19T11:28:12","guid":{"rendered":"https:\/\/redline.com.tr\/en\/?post_type=product&#038;p=7542"},"modified":"2021-10-19T11:28:25","modified_gmt":"2021-10-19T11:28:25","slug":"k1000-tv-plus-android-uydu-alici-modulu","status":"publish","type":"product","link":"https:\/\/redline.com.tr\/en\/product\/k1000-tv-plus-android-uydu-alici-modulu\/","title":{"rendered":"K1000 TV Plus Android Uydu Al\u0131c\u0131 Mod\u00fcl\u00fc"},"content":{"rendered":"<table border=\"1\" width=\"678\">\n<tbody>\n<tr>\n<td width=\"163\">Giri\u015f Frekans Aral\u0131\u011f\u0131<\/td>\n<td width=\"515\">950 MHz-2150MHz<\/td>\n<\/tr>\n<tr>\n<td>RF Giri\u015f Sinyal Seviyesi<\/td>\n<td>-65dBm ~-25dBm<\/td>\n<\/tr>\n<tr>\n<td>RF Empedans\u0131<\/td>\n<td>75 \u03a9 unbalanced<\/td>\n<\/tr>\n<tr>\n<td>LNB G\u00fcc\u00fc<\/td>\n<td>13\/18 DC, +\/-5%, 4.0A max<\/td>\n<\/tr>\n<tr>\n<td>LNB Ton Anahtar\u0131<\/td>\n<td>22KHz +\/- 2KHz, 0.64V p-p +\/0.15V<\/td>\n<\/tr>\n<tr>\n<td>DiSEqC Kontrol\u00fc<\/td>\n<td>V1.0, V1.2, Tone burst A\/B<\/td>\n<\/tr>\n<tr>\n<td>Demod\u00fclasyon<\/td>\n<td>QPSK, 8PSK<\/td>\n<\/tr>\n<tr>\n<td>Sembol Oran\u0131<\/td>\n<td>1~45 Msps\/SCPC, MCPC<\/td>\n<\/tr>\n<tr>\n<td>CPU<\/td>\n<td>S905D Quad-core Cortex-A53, 2.0 GHz<\/td>\n<\/tr>\n<tr>\n<td>Flash<\/td>\n<td>8GB eMMC<\/td>\n<\/tr>\n<tr>\n<td>RAM<\/td>\n<td>2GB DDR3<\/td>\n<\/tr>\n<tr>\n<td>GPU<\/td>\n<td>Mali-450 5-Core GPU<\/td>\n<\/tr>\n<tr>\n<td>OS<\/td>\n<td>Android 6.0<\/td>\n<\/tr>\n<tr>\n<td>3D<\/td>\n<td>Hardwared 3D graphics Acceleration<\/td>\n<\/tr>\n<tr>\n<td>Transport Stream<\/td>\n<td>MPEG-4, H.264, H.265 MPEG-2 ISO\/IEC 13818 Transport Stream Specifications<\/td>\n<\/tr>\n<tr>\n<td>Giri\u015f Oran\u0131<\/td>\n<td>Max. 120Mbit\/s<\/td>\n<\/tr>\n<tr>\n<td>Video<\/td>\n<td>MPEG-2 MP@ML, MPEG-2 MP@HL, MPEG-4 AVC\/H.264, H.265 HP@L4, HDR10, HD AVC\/VC-1, RM\/RMVB, Xvid\/DivX3\/4\/5\/6<\/td>\n<\/tr>\n<tr>\n<td>Ses<\/td>\n<td>MPEG-1\/2 Audio Layer1 or Layer2, MPEG-2 MPEG-4 AAC and MPEG-4 AAC-HE(AAC+), Dolby Digital (AC-3), MP3, WMA<\/td>\n<\/tr>\n<tr>\n<td>En-Boy Oran\u0131<\/td>\n<td>4:3, 16:9, Auto Detect<\/td>\n<\/tr>\n<tr>\n<td>Video \u00c7\u00f6z\u00fcn\u00fcrl\u00fc\u011f\u00fc<\/td>\n<td>576i, 576p, 720p, 1080i, 1080p, 4K2K<\/td>\n<\/tr>\n<tr>\n<td>Ses \u00d6rnekleme Frekans\u0131<\/td>\n<td>32 \/ 44.1 \/ 48KHz<\/td>\n<\/tr>\n<tr>\n<td>LNB Giri\u015fi<\/td>\n<td>F type<\/td>\n<\/tr>\n<tr>\n<td>HDMI<\/td>\n<td>HDMI V2.0, Type A<\/td>\n<\/tr>\n<tr>\n<td>AV Giri\u015fi<\/td>\n<td>Audio L\/R, CVBS<\/td>\n<\/tr>\n<tr>\n<td>USB<\/td>\n<td>USB 2.0<\/td>\n<\/tr>\n<tr>\n<td>Optik Ses \u00c7\u0131k\u0131\u015f\u0131<\/td>\n<td>S\/PDIF Digital Audio Output<\/td>\n<\/tr>\n<tr>\n<td>Ethernet<\/td>\n<td>LAN: 10\/100M, RJ-45<\/td>\n<\/tr>\n<tr>\n<td>Mikro SD Kart<\/td>\n<td>TF Card (up to 64GB)<\/td>\n<\/tr>\n<tr>\n<td>Wi-Fi<\/td>\n<td>802.11 b\/g\/n<\/td>\n<\/tr>\n<tr>\n<td>Bluetooth<\/td>\n<td>Bluetooth smart 4.0<\/td>\n<\/tr>\n<tr>\n<td>\u00c7al\u0131\u015fma Voltaj\u0131<\/td>\n<td>DC 12V 1.5A<\/td>\n<\/tr>\n<tr>\n<td>Standby Bekleme G\u00fcc\u00fc<\/td>\n<td>Max 1W<\/td>\n<\/tr>\n<tr>\n<td>A\u011f\u0131rl\u0131k<\/td>\n<td>Appr. 100 Gr.<\/td>\n<\/tr>\n<tr>\n<td>\u00c7al\u0131\u015fma S\u0131cakl\u0131\u011f\u0131<\/td>\n<td>0\u02daC~40\u02daC<\/td>\n<\/tr>\n<tr>\n<td>Depolama S\u0131cakl\u0131\u011f\u0131<\/td>\n<td>-40\u02daC~60\u02daC<\/td>\n<\/tr>\n<\/tbody>\n<\/table>\n<figure><img decoding=\"async\" src=\"https:\/\/redline.com.tr\/en\/wp-content\/uploads\/2020\/04\/icon-ultra-hd-4k.png\" alt=\"icon-ultra hd 4k\" \/><\/figure>\n<figure><img decoding=\"async\" src=\"https:\/\/redline.com.tr\/en\/wp-content\/uploads\/2020\/04\/icon-android.png\" alt=\"icon-android\" \/><\/figure>\n<figure><img decoding=\"async\" src=\"https:\/\/redline.com.tr\/en\/wp-content\/uploads\/2020\/04\/icon-google-play.png\" alt=\"icon-google-play\" \/><\/figure>\n<figure><img decoding=\"async\" src=\"https:\/\/redline.com.tr\/en\/wp-content\/uploads\/2020\/04\/icon-dvb-s2.png\" alt=\"icon-dvb-s2\" \/><\/figure>\n<figure><img decoding=\"async\" src=\"https:\/\/redline.com.tr\/en\/wp-content\/uploads\/2020\/04\/icon-tkgs.png\" alt=\"icon-tkgs\" \/><\/figure>\n<figure><img decoding=\"async\" src=\"https:\/\/redline.com.tr\/en\/wp-content\/uploads\/2020\/04\/icon-h265.png\" alt=\"icon-h265\" \/><\/figure>\n<figure><img decoding=\"async\" src=\"https:\/\/redline.com.tr\/en\/wp-content\/uploads\/2020\/04\/icon-netflix.png\" alt=\"icon-netflix\" \/><\/figure>\n<figure><img decoding=\"async\" src=\"https:\/\/redline.com.tr\/en\/wp-content\/uploads\/2020\/04\/icon-youtube.png\" alt=\"icon-youtube\" \/><\/figure>\n<figure><img decoding=\"async\" src=\"https:\/\/redline.com.tr\/en\/wp-content\/uploads\/2020\/04\/icon-spotify.png\" alt=\"icon-spotify\" \/><\/figure>\n<figure><img decoding=\"async\" src=\"https:\/\/redline.com.tr\/en\/wp-content\/uploads\/2020\/04\/icon-mytv.png\" alt=\"icon-mytv\" \/><\/figure>\n<figure><img decoding=\"async\" src=\"https:\/\/redline.com.tr\/en\/wp-content\/uploads\/2020\/04\/icon-gmail.png\" alt=\"icon-gmail\" \/><\/figure>\n<figure><img decoding=\"async\" src=\"https:\/\/redline.com.tr\/en\/wp-content\/uploads\/2020\/04\/icon-dolby.png\" alt=\"icon-dolby\" \/><\/figure>\n<figure><img decoding=\"async\" src=\"https:\/\/redline.com.tr\/en\/wp-content\/uploads\/2020\/04\/icon-wifi.png\" alt=\"icon-wifi\" \/><\/figure>\n<figure><img decoding=\"async\" src=\"https:\/\/redline.com.tr\/en\/wp-content\/uploads\/2020\/04\/icon-usb.png\" alt=\"icon-usb\" \/><\/figure>\n<figure><img decoding=\"async\" src=\"https:\/\/redline.com.tr\/en\/wp-content\/uploads\/2020\/04\/icon-bluetooth.png\" alt=\"icon-bluetooth\" \/><\/figure>\n<figure><img decoding=\"async\" src=\"https:\/\/redline.com.tr\/en\/wp-content\/uploads\/2020\/04\/icon-hdtv.png\" alt=\"icon-hdtv\" \/><\/figure>\n<figure><img decoding=\"async\" src=\"https:\/\/redline.com.tr\/en\/wp-content\/uploads\/2020\/04\/icon-ethernet.png\" alt=\"icon-ethernet\" \/><\/figure>\n<figure><img decoding=\"async\" src=\"https:\/\/redline.com.tr\/en\/wp-content\/uploads\/2020\/04\/icon-onlineupdate.png\" alt=\"icon-onlineupdate\" \/><\/figure>\n<figure><img decoding=\"async\" src=\"https:\/\/redline.com.tr\/en\/wp-content\/uploads\/2020\/04\/icon-pvr.png\" alt=\"icon-pvr\" \/><\/figure>\n<figure><img decoding=\"async\" src=\"https:\/\/redline.com.tr\/en\/wp-content\/uploads\/2020\/04\/icon-timeshift.png\" alt=\"icon-timeshift\" \/><\/figure>\n<figure><img decoding=\"async\" src=\"https:\/\/redline.com.tr\/en\/wp-content\/uploads\/2020\/04\/icon-mediaplayer.png\" alt=\"icon-mediaplayer\" \/><\/figure>\n<figure><img decoding=\"async\" src=\"https:\/\/redline.com.tr\/en\/wp-content\/uploads\/2020\/04\/icon-diseqc12.png\" alt=\"icon-diseqc12\" \/><\/figure>\n<figure><img decoding=\"async\" src=\"https:\/\/redline.com.tr\/en\/wp-content\/uploads\/2020\/04\/icon-yerliuretim.png\" alt=\"icon-yerliuretim\" \/><\/figure>\n<figure><img decoding=\"async\" src=\"https:\/\/redline.com.tr\/en\/wp-content\/uploads\/2020\/04\/icon-madeinturkey.png\" alt=\"icon-madeinturkey\" \/><\/figure>\n","protected":false},"excerpt":{"rendered":"<h2><span style=\"color: #003366;\"><strong>K1000 TV Plus Android Uydu Al\u0131c\u0131 Mod\u00fcl\u00fc<\/strong><\/span><\/h2>\n<p>&nbsp;<\/p>\n<p>4K Ultra HD \u00e7\u00f6z\u00fcn\u00fcrl\u00fck deste\u011fi<\/p>\n<p>Android ile yeni ve h\u0131zl\u0131 OTT deneyimi<\/p>\n<p>Play Store ve Redstore ile favori uygulamalar\u0131n\u0131z\u0131 kolayca ekleyin<\/p>\n<p>Ultra HD video sinyal \u00e7\u0131k\u0131\u015f\u0131<\/p>\n<p>Do\u011frudan internetten en yeni filmler ve TV dizileri<\/p>\n<p>MYTV uygulamas\u0131 ile d\u00fcnyay\u0131 \u00f6n\u00fcn\u00fcze serin<\/p>\n<p>\u00c7oklu Dil deste\u011fi<\/p>\n<p>Y\u00fcksek h\u0131zl\u0131 CPU ile en sevdi\u011finiz uygulamalar\u0131n keyfini \u00e7\u0131kar\u0131n<\/p>\n<p>TV Kanallar\u0131nda h\u0131zl\u0131 gezinme<\/p>\n<p>Favori kanallar\u0131n\u0131z\u0131 y\u00fckleme s\u00fcresini k\u0131salt\u0131n &hellip; <a href=\"https:\/\/redline.com.tr\/en\/product\/k1000-tv-plus-android-uydu-alici-modulu\/\">Read More<\/a><\/p>\n","protected":false},"featured_media":1329,"template":"","meta":[],"product_cat":[86,85,74],"product_tag":[],"class_list":["post-7542","product","type-product","status-publish","has-post-thumbnail","hentry","product_cat-tv-module","product_cat-tv-modules","product_cat-tv-systems"],"_links":{"self":[{"href":"https:\/\/redline.com.tr\/en\/wp-json\/wp\/v2\/product\/7542","targetHints":{"allow":["GET"]}}],"collection":[{"href":"https:\/\/redline.com.tr\/en\/wp-json\/wp\/v2\/product"}],"about":[{"href":"https:\/\/redline.com.tr\/en\/wp-json\/wp\/v2\/types\/product"}],"version-history":[{"count":1,"href":"https:\/\/redline.com.tr\/en\/wp-json\/wp\/v2\/product\/7542\/revisions"}],"predecessor-version":[{"id":7572,"href":"https:\/\/redline.com.tr\/en\/wp-json\/wp\/v2\/product\/7542\/revisions\/7572"}],"wp:featuredmedia":[{"embeddable":true,"href":"https:\/\/redline.com.tr\/en\/wp-json\/wp\/v2\/media\/1329"}],"wp:attachment":[{"href":"https:\/\/redline.com.tr\/en\/wp-json\/wp\/v2\/media?parent=7542"}],"wp:term":[{"taxonomy":"product_cat","embeddable":true,"href":"https:\/\/redline.com.tr\/en\/wp-json\/wp\/v2\/product_cat?post=7542"},{"taxonomy":"product_tag","embeddable":true,"href":"https:\/\/redline.com.tr\/en\/wp-json\/wp\/v2\/product_tag?post=7542"}],"curies":[{"name":"wp","href":"https:\/\/api.w.org\/{rel}","templated":true}]}}